{"id":54,"date":"2017-11-25T22:18:29","date_gmt":"2017-11-25T21:18:29","guid":{"rendered":"http:\/\/remorquage-lyon.fr\/?page_id=54"},"modified":"2026-04-29T21:54:52","modified_gmt":"2026-04-29T19:54:52","slug":"services","status":"publish","type":"page","link":"https:\/\/remorquage-lyon.fr\/index.php\/services\/","title":{"rendered":"REMORQUAGE MOTO SCOOTER LYON"},"content":{"rendered":"\n<p><strong>TEL: 0769727772<\/strong><\/p>\n\n\n\n<p><\/p>\n\n\n\n<p><strong>Remorquage moto Lyon 24h\/24 \u2013 D\u00e9pannage rapide en 30 min<\/strong>.<\/p>\n\n\n\n<figure class=\"wp-block-image size-large\"><img loading=\"lazy\" decoding=\"async\" width=\"1024\" height=\"798\" src=\"https:\/\/remorquage-lyon.fr\/wp-content\/uploads\/2024\/11\/Picsart_24-11-03_17-16-03-414-1024x798.jpg\" alt=\"\" class=\"wp-image-461\" srcset=\"https:\/\/remorquage-lyon.fr\/wp-content\/uploads\/2024\/11\/Picsart_24-11-03_17-16-03-414-1024x798.jpg 1024w, https:\/\/remorquage-lyon.fr\/wp-content\/uploads\/2024\/11\/Picsart_24-11-03_17-16-03-414-300x234.jpg 300w, https:\/\/remorquage-lyon.fr\/wp-content\/uploads\/2024\/11\/Picsart_24-11-03_17-16-03-414-768x598.jpg 768w, https:\/\/remorquage-lyon.fr\/wp-content\/uploads\/2024\/11\/Picsart_24-11-03_17-16-03-414.jpg 1386w\" sizes=\"auto, (max-width: 767px) 89vw, (max-width: 1000px) 54vw, (max-width: 1071px) 543px, 580px\" \/><\/figure>\n\n\n<p><span style=\"vertical-align: inherit;\"><span style=\"vertical-align: inherit;\">Nous disposons de v\u00e9hicules utilitaires adapt\u00e9s pour le remorquage D\u00e9pannage Moto ainsi que le remorquage D\u00e9pannage Scooter en toute s\u00e9curit\u00e9 pour un remorquage courte ou m\u00eame longue distance nous effectuons le d\u00e9pannage Scooter Lyon <strong data-start=\"2191\" data-end=\"2201\">24h\/24.<\/strong><\/span><\/span><\/p>\n<p>Nos Tarifs son parmi les plus Bas de Lyon Pour un Remorquage Moto Lyon <strong data-start=\"2151\" data-end=\"2163\">pas cher.<\/strong><\/p>\n<p><strong>Le prix du remorquage a partir de 90Euros!<\/strong><\/p>\n<p>Vous avez un probl\u00e8me avec votre deux roues? Il ne d\u00e9marre plus? Il est accident\u00e9 ou en panne? Faites confiance \u00e0 <strong>FAST REMORQUAGE LYON.<\/strong><\/p>\n<p>Nous nous chargeons rapidement du d\u00e9pannage ou remorquage de votre moto ou scooter. Nous avons a c\u0153ur de prendre le plus grand soin de votre 2 Roues ou 3 Roues pour un remorquage Motos ou Scooter dans les meilleurs conditions en effet nous disposons de v\u00e9hicules utilitaires adapt\u00e9s au remorquage de Motos m\u00eames grande cylindr\u00e9.<\/p>\n<p>Que se soit pour un remorquage moto, remorquage scooter, d\u2019un v\u00e9hicule trois roues MP3 ou d\u2019un quad, <strong>FAST REMORQUAGE LYON<\/strong> s\u2019engage \u00e0 intervenir dans les plus brefs d\u00e9lais a Prix Bas.<\/p>\n<p>Avec nous, c\u2019est l\u2019engagement d\u2019une prestation de qualit\u00e9, r\u00e9alis\u00e9e par un technicien dipl\u00f4m\u00e9 et reconnu disposant d&rsquo;une exp\u00e9rience dans le remorquage et d\u00e9pannage Moto\u00a0 dans la profession et une garantie du prix attractif.<\/p>\n<p>Forts de nos 15 ann\u00e9es d&rsquo;exp\u00e9riences dans le domaine du remorquage 2 roues et 3 roues et passionn\u00e9s par le domaine du remorquage motos et remorquage scooter, nous voulons mettre \u00e0 profit ce savoir faire au passionn\u00e9s de 2 roues sur Lyon, Villeurbanne, Dardilly, Ecully et toute la r\u00e9gion Lyonnaise.<\/p>\n<p>Pour un d\u00e9pannage moto Lyon rapide et efficace, choisissez Fast Remorquage Moto Lyon. Nous intervenons pour le d\u00e9pannage et le remorquage de tout type de v\u00e9hicules \u00e0 2 roues \u00e0 Lyon et dans toute La Rh\u00f4ne Alpes.<\/p>\n<p>Travaillant depuis plusieurs ann\u00e9es en direct avec diff\u00e9rents constructeurs pour le remorquage 2 roues, ( Honda Dardilly, Harley-Davidson Dardilly, Yamaha Dardilly, M\u00e9kabike Motos, Nomade69, Honda, Euro Moto, Piaton Scooter Kawasaki, Triumph, Piaggio, Daffy Moto,\u00a0 Lyon&#8230;) ainsi que comme Remorquage\u00a0 pour des grands groupes de transport logistique ( Distribike, By my car&#8230;), notre entreprise Fast Remorquage sait tout a fait r\u00e9pondre aux demandes des particuliers en ce qui concerne le Remorquage Moto et Scooter.\u00a0<\/p>\n<p>Habitu\u00e9es au Remorquage Moto et Scooter, qu&rsquo;ils soient de collections ou d&rsquo;exceptions, nos \u00e9quipes se plieront en 4 pour r\u00e9pondre \u00e0 vos exigences, lieux et horaires de chargement \/ livraisons, minutie, mise en place dans des lieux inadapt\u00e9s&#8230;ou tout simplement vous permettre d&rsquo;acqu\u00e9rir la moto de vos r\u00eaves en vente \u00e0 l&rsquo;autre bout du pays.<\/p>\n<p>Nous effectuons les remorquages dans le secteur de Lyon, Villeurbanne, Dardilly, Ecully, Bron, Saint Priest, Tassin La demi Lune, Chaponost, V\u00e9nissieux, Champagne au Mont d&rsquo;or, Limonest, Craponne&#8230;<\/p>\n<p>Ainsi que les longues Distance pour le Remorquage de votre Motos ou Scooter.<\/p>\n<p>Quand il s&rsquo;agit de remorquage, nous intervenons tr\u00e8s vite avec le mat\u00e9riel adapt\u00e9 pour tous les types de motos. Dans le domaine du d\u00e9pannage et remorquage moto ou scooter nos techniciens et nos diff\u00e9rents experts pr\u00e9sents tous les jours sur le terrain sont en mesure de poser des diagnostics s\u00fbrs et de vous trouver des solutions sur le terrain. Si la panne est minime, comptez sur notre efficacit\u00e9 pour vous d\u00e9panner s\u00e9ance tenante et le plus rapidement possible ! Mais chaque fois que cela s&rsquo;av\u00e8re n\u00e9cessaire, nous pouvons remorquer rapidement votre moto \u00e0 deux ou \u00e0 trois roues afin de le faire r\u00e9parer avec le mat\u00e9riel requis. Vous profiterez ainsi d&rsquo;une assistance compl\u00e8te pour l&rsquo;enl\u00e8vement, et pour la r\u00e9paration de votre moto. Nous effectuons les remorquage sur Lyon et alentours ainsi que les remorquage moto longue distance a partir de Lyon.<\/p>\n<p>Nous effectuons une facture pour votre Assurance pour votre remboursement. Si vous avez dans votre contrat le remorquage Scooter ou Remorquage Moto sachez que votre assurance vous remboursera la totalit\u00e9 du remorquage car nous sommes agr\u00e9er par les Assurance.<\/p>\n<p>Nous effectuons les remorquage Motos Longue Distance pour un transport Moto ou Scooter en tout s\u00e9curit\u00e9.<\/p>\n<p>Nous effectuons des Remorquages pour plusieurs Concession 2 Roues sur Lyon tel que: Piatton Scooter, Nomade69, Mekabike avenue de saxe Gambetta, Piaggio, BMW Helice Dardilly, Honda, Yamaha, Moto Virus Dardilly, Dafy Moto dardilly, Maxxess Dardilly, Suzuki Lyon, Kawasaki, KTM Dardilly, Triumph Dardilly&#8230;<\/p>\n<h1>Pour tout Remorquage Scooter ou Remorquage Motos n&rsquo;h\u00e9sitez plus\u00a0 Contacter nous au:<\/h1>\n<h1><a href=\"tel:0769727772\">0769727772<\/a><\/h1>\n<p>AVIS CLIENTS 5 ETOILES\u00a0<\/p>\n<p>100% D&rsquo;AVIS POSITIFS<\/p>\n<p>DEVIS GRATUIT ET RAPIDE SUR SIMPLE APPEL.<\/p>\n\n\n<figure class=\"wp-block-image size-large\"><img loading=\"lazy\" decoding=\"async\" width=\"300\" height=\"300\" src=\"https:\/\/remorquage-lyon.fr\/wp-content\/uploads\/2024\/10\/24321948_1896662483996784_1098821753_o-300x300-2.jpg\" alt=\"\" class=\"wp-image-431\" srcset=\"https:\/\/remorquage-lyon.fr\/wp-content\/uploads\/2024\/10\/24321948_1896662483996784_1098821753_o-300x300-2.jpg 300w, https:\/\/remorquage-lyon.fr\/wp-content\/uploads\/2024\/10\/24321948_1896662483996784_1098821753_o-300x300-2-150x150.jpg 150w, https:\/\/remorquage-lyon.fr\/wp-content\/uploads\/2024\/10\/24321948_1896662483996784_1098821753_o-300x300-2-100x100.jpg 100w\" sizes=\"auto, (max-width: 300px) 100vw, 300px\" \/><\/figure>\n\n\n\n<figure class=\"wp-block-image is-style-default\"><img decoding=\"async\" src=\"blob:https:\/\/remorquage-lyon.fr\/ca8daa9d-71b7-475f-ae0b-e837d3214634\" alt=\"\"\/><\/figure>\n\n\n\n<div class=\"ti-widget ti-goog\" data-layout-id=\"17\" data-set-id=\"light-background\" data-pid=\"b5167179c03e50ec942cb\" data-pager-autoplay-timeout=\"6\" > <div class=\"ti-widget-container ti-col-1\"> <div class=\"ti-reviews-container\"> <div class=\"ti-reviews-container-wrapper\">  <div class=\"ti-review-item source-Google\" > <div class=\"disable-widget\"><\/div> <div class=\"ti-inner\"> <div class=\"col-left\"> <div class=\"ti-review-header\"> <div class=\"ti-profile-img\"> <img decoding=\"async\" src=\"https:\/\/lh3.googleusercontent.com\/a-\/ACNPEu_KlA-STDTA0FnHyWj27KlBv7JgdRISaBKuuvlq=s120-c-c-rp-w64-h64-mo-ba2-br100\" alt=\"Amelya M.\" \/> <\/div> <\/div> <\/div> <div class=\"col-right\"> <span class=\"ti-stars\"><span class=\"ti-star f\"><\/span><span class=\"ti-star f\"><\/span><span class=\"ti-star f\"><\/span><span class=\"ti-star f\"><\/span><span class=\"ti-star f\"><\/span><\/span> <div class=\"ti-review-text\"><!-- R-CONTENT -->J'ai \u00e9t\u00e9 deux fois remorqu\u00e9 par Fast Remorquage . Remorqueur tr\u00e8s comp\u00e9tent, ponctuel et \u00e0 le sens du d\u00e9tail. Fais tr\u00e8s attention lors du chargement et d\u00e9chargement de votre v\u00e9hicule. Tarif tr\u00e8s attractif. Je vous conseille.\nMerci encore<!-- R-CONTENT --><\/div> <div class=\"ti-profile-details\"> <div class=\"ti-name\"> Amelya M. <\/div> <div class=\"ti-date\">2. Novembre, 2022.<\/div> <\/div> <\/div> <\/div> <\/div>  <div class=\"ti-review-item source-Google\" > <div class=\"disable-widget\"><\/div> <div class=\"ti-inner\"> <div class=\"col-left\"> <div class=\"ti-review-header\"> <div class=\"ti-profile-img\"> <img decoding=\"async\" src=\"https:\/\/lh3.googleusercontent.com\/a-\/ACNPEu_OkGe39SRCjpUhzNucc2ySEJ6ikiWNG20b8nwP8Q=s120-c-c-rp-w64-h64-mo-ba3-br100\" alt=\"Karine Odet\" \/> <\/div> <\/div> <\/div> <div class=\"col-right\"> <span class=\"ti-stars\"><span class=\"ti-star f\"><\/span><span class=\"ti-star f\"><\/span><span class=\"ti-star f\"><\/span><span class=\"ti-star f\"><\/span><span class=\"ti-star f\"><\/span><\/span> <div class=\"ti-review-text\"><!-- R-CONTENT -->Personne au top je recommande sans aucun probl\u00e8me j'ai eu affaire aujourd'hui pour remorqu\u00e9 mon scooter personne tr\u00e8s sympa tr\u00e8s pro de bon conseil bien veillant et le prix est raisonnable encore merci pour votre sympathie et votre gentillesse tr\u00e8s bon contact \u00e0 gard\u00e9 et surtout \u00e0 recommander<!-- R-CONTENT --><\/div> <div class=\"ti-profile-details\"> <div class=\"ti-name\"> Karine Odet <\/div> <div class=\"ti-date\">21. Octobre, 2022.<\/div> <\/div> <\/div> <\/div> <\/div>  <div class=\"ti-review-item source-Google\" > <div class=\"disable-widget\"><\/div> <div class=\"ti-inner\"> <div class=\"col-left\"> <div class=\"ti-review-header\"> <div class=\"ti-profile-img\"> <img decoding=\"async\" src=\"https:\/\/lh3.googleusercontent.com\/a-\/ACNPEu9qeTHjJbXIoHn5sE5mwN-4NNd8UOVmbFrZ28lkdg=s120-c-c-rp-w64-h64-mo-br100\" alt=\"Basile Mercat\" \/> <\/div> <\/div> <\/div> <div class=\"col-right\"> <span class=\"ti-stars\"><span class=\"ti-star f\"><\/span><span class=\"ti-star f\"><\/span><span class=\"ti-star f\"><\/span><span class=\"ti-star f\"><\/span><span class=\"ti-star f\"><\/span><\/span> <div class=\"ti-review-text\"><!-- R-CONTENT -->Ponctuel et rigoureux, je recommande fortement les prestations de Fast Remorquage \u00e0 Lyon. Tarif attractif et d\u00e9pannage professionnel ! N'h\u00e9sitez pas.<!-- R-CONTENT --><\/div> <div class=\"ti-profile-details\"> <div class=\"ti-name\"> Basile Mercat <\/div> <div class=\"ti-date\">13. Octobre, 2022.<\/div> <\/div> <\/div> <\/div> <\/div>  <div class=\"ti-review-item source-Google\" > <div class=\"disable-widget\"><\/div> <div class=\"ti-inner\"> <div class=\"col-left\"> <div class=\"ti-review-header\"> <div class=\"ti-profile-img\"> <img decoding=\"async\" src=\"https:\/\/lh3.googleusercontent.com\/a\/ALm5wu1HCJJxZyG4HiAAuumchhvAg-PfkNV9QHrvVszF=s120-c-c-rp-w64-h64-mo-br100\" alt=\"Marie Villain\" \/> <\/div> <\/div> <\/div> <div class=\"col-right\"> <span class=\"ti-stars\"><span class=\"ti-star f\"><\/span><span class=\"ti-star f\"><\/span><span class=\"ti-star f\"><\/span><span class=\"ti-star f\"><\/span><span class=\"ti-star f\"><\/span><\/span> <div class=\"ti-review-text\"><!-- R-CONTENT -->Tr\u00e8s ponctuel et professionnel et avec le sourire ! Une tr\u00e8s bonne exp\u00e9rience, je recommande<!-- R-CONTENT --><\/div> <div class=\"ti-profile-details\"> <div class=\"ti-name\"> Marie Villain <\/div> <div class=\"ti-date\">7. Septembre, 2022.<\/div> <\/div> <\/div> <\/div> <\/div>  <div class=\"ti-review-item source-Google\" > <div class=\"disable-widget\"><\/div> <div class=\"ti-inner\"> <div class=\"col-left\"> <div class=\"ti-review-header\"> <div class=\"ti-profile-img\"> <img decoding=\"async\" src=\"https:\/\/lh3.googleusercontent.com\/a\/ALm5wu0Wy5viDfXoj7zfUnFfu1PqyFx95yuprGe0zTah=s120-c-c-rp-w64-h64-mo-br100\" alt=\"benjamin truchan\" \/> <\/div> <\/div> <\/div> <div class=\"col-right\"> <span class=\"ti-stars\"><span class=\"ti-star f\"><\/span><span class=\"ti-star f\"><\/span><span class=\"ti-star f\"><\/span><span class=\"ti-star f\"><\/span><span class=\"ti-star f\"><\/span><\/span> <div class=\"ti-review-text\"><!-- R-CONTENT -->Rapide, pr\u00e9cis, efficace et tarif concurrentiels, je recommande<!-- R-CONTENT --><\/div> <div class=\"ti-profile-details\"> <div class=\"ti-name\"> benjamin truchan <\/div> <div class=\"ti-date\">2. Septembre, 2022.<\/div> <\/div> <\/div> <\/div> <\/div>  <div class=\"ti-review-item source-Google\" > <div class=\"disable-widget\"><\/div> <div class=\"ti-inner\"> <div class=\"col-left\"> <div class=\"ti-review-header\"> <div class=\"ti-profile-img\"> <img decoding=\"async\" src=\"https:\/\/lh3.googleusercontent.com\/a-\/ACNPEu9TawQ6w0XBW9S3bLHwNMcod-nMubjO4vMoxFvu=s120-c-c-rp-w64-h64-mo-br100\" alt=\"Sonia C.\" \/> <\/div> <\/div> <\/div> <div class=\"col-right\"> <span class=\"ti-stars\"><span class=\"ti-star f\"><\/span><span class=\"ti-star f\"><\/span><span class=\"ti-star f\"><\/span><span class=\"ti-star f\"><\/span><span class=\"ti-star f\"><\/span><\/span> <div class=\"ti-review-text\"><!-- R-CONTENT -->Une perle ! Super aimable et bienveillant et prix comp\u00e9titif ! ENORME MERCIIIII<!-- R-CONTENT --><\/div> <div class=\"ti-profile-details\"> <div class=\"ti-name\"> Sonia C. <\/div> <div class=\"ti-date\">28. Juin, 2022.<\/div> <\/div> <\/div> <\/div> <\/div>  <div class=\"ti-review-item source-Google\" > <div class=\"disable-widget\"><\/div> <div class=\"ti-inner\"> <div class=\"col-left\"> <div class=\"ti-review-header\"> <div class=\"ti-profile-img\"> <img decoding=\"async\" src=\"https:\/\/lh3.googleusercontent.com\/a\/ALm5wu0tAkD28wq2hF5ge_XFioQ36ZBFZPwLwZTL2wMs=s120-c-c-rp-w64-h64-mo-br100\" alt=\"LyonOran\" \/> <\/div> <\/div> <\/div> <div class=\"col-right\"> <span class=\"ti-stars\"><span class=\"ti-star f\"><\/span><span class=\"ti-star f\"><\/span><span class=\"ti-star f\"><\/span><span class=\"ti-star f\"><\/span><span class=\"ti-star f\"><\/span><\/span> <div class=\"ti-review-text\"><!-- R-CONTENT -->Entreprise s\u00e9rieuse , ponctuelle et le gars ( le remorqueur ) est tr\u00e8s sympathique.\n\nLe prix me semble correcte pour la prestation\n\nje le recommande<!-- R-CONTENT --><\/div> <div class=\"ti-profile-details\"> <div class=\"ti-name\"> LyonOran <\/div> <div class=\"ti-date\">9. Juin, 2022.<\/div> <\/div> <\/div> <\/div> <\/div>  <div class=\"ti-review-item source-Google\" > <div class=\"disable-widget\"><\/div> <div class=\"ti-inner\"> <div class=\"col-left\"> <div class=\"ti-review-header\"> <div class=\"ti-profile-img\"> <img decoding=\"async\" src=\"https:\/\/lh3.googleusercontent.com\/a\/ALm5wu33ESIy4DVyMkApLevXDzd0Jfk7GOUSt_ETAMQX=s120-c-c-rp-w64-h64-mo-br100\" alt=\"Dali NGLD\" \/> <\/div> <\/div> <\/div> <div class=\"col-right\"> <span class=\"ti-stars\"><span class=\"ti-star f\"><\/span><span class=\"ti-star f\"><\/span><span class=\"ti-star f\"><\/span><span class=\"ti-star f\"><\/span><span class=\"ti-star f\"><\/span><\/span> <div class=\"ti-review-text\"><!-- R-CONTENT -->Super pro et aimable je recommande fortement \u270c\ud83d\udc4d<!-- R-CONTENT --><\/div> <div class=\"ti-profile-details\"> <div class=\"ti-name\"> Dali NGLD <\/div> <div class=\"ti-date\">31. Mai, 2022.<\/div> <\/div> <\/div> <\/div> <\/div>  <div class=\"ti-review-item source-Google\" > <div class=\"disable-widget\"><\/div> <div class=\"ti-inner\"> <div class=\"col-left\"> <div class=\"ti-review-header\"> <div class=\"ti-profile-img\"> <img decoding=\"async\" src=\"https:\/\/lh3.googleusercontent.com\/a\/ALm5wu3qAz2XGZugNuV0Cm2vAe6nDzm5q7dxfHa7_xsi=s120-c-c-rp-w64-h64-mo-br100\" alt=\"Fran\u00e7ois Rousset\" \/> <\/div> <\/div> <\/div> <div class=\"col-right\"> <span class=\"ti-stars\"><span class=\"ti-star f\"><\/span><span class=\"ti-star f\"><\/span><span class=\"ti-star f\"><\/span><span class=\"ti-star f\"><\/span><span class=\"ti-star f\"><\/span><\/span> <div class=\"ti-review-text\"><!-- R-CONTENT -->Transport sur plateau de ma moto de collection Kawasaki 900 Z1 de 1975, r\u00e9alis\u00e9 dans de bonnes conditions, tr\u00e8s professionnel.\nA recommander.<!-- R-CONTENT --><\/div> <div class=\"ti-profile-details\"> <div class=\"ti-name\"> Fran\u00e7ois Rousset <\/div> <div class=\"ti-date\">7. Avril, 2022.<\/div> <\/div> <\/div> <\/div> <\/div>  <\/div> <\/div> <\/div> <a href=\"#\" class=\"ti-enable-widget\">Commentaires<\/a> <\/div>\n","protected":false},"excerpt":{"rendered":"<p>TEL: 0769727772 Remorquage moto Lyon 24h\/24 \u2013 D\u00e9pannage rapide en 30 min. Nous disposons de v\u00e9hicules utilitaires adapt\u00e9s pour le remorquage D\u00e9pannage Moto ainsi que le remorquage D\u00e9pannage Scooter en toute s\u00e9curit\u00e9 pour un remorquage courte ou m\u00eame longue distance nous effectuons le d\u00e9pannage Scooter Lyon 24h\/24. Nos Tarifs son parmi les plus Bas de &hellip; <\/p>\n<p class=\"link-more\"><a href=\"https:\/\/remorquage-lyon.fr\/index.php\/services\/\" class=\"more-link\">Continuer la lecture<span class=\"screen-reader-text\"> de &laquo;&nbsp;REMORQUAGE MOTO SCOOTER LYON&nbsp;&raquo;<\/span><\/a><\/p>\n","protected":false},"author":1,"featured_media":501,"parent":0,"menu_order":0,"comment_status":"closed","ping_status":"closed","template":"","meta":{"footnotes":""},"class_list":["post-54","page","type-page","status-publish","has-post-thumbnail","hentry"],"_links":{"self":[{"href":"https:\/\/remorquage-lyon.fr\/index.php\/wp-json\/wp\/v2\/pages\/54","targetHints":{"allow":["GET"]}}],"collection":[{"href":"https:\/\/remorquage-lyon.fr\/index.php\/wp-json\/wp\/v2\/pages"}],"about":[{"href":"https:\/\/remorquage-lyon.fr\/index.php\/wp-json\/wp\/v2\/types\/page"}],"author":[{"embeddable":true,"href":"https:\/\/remorquage-lyon.fr\/index.php\/wp-json\/wp\/v2\/users\/1"}],"replies":[{"embeddable":true,"href":"https:\/\/remorquage-lyon.fr\/index.php\/wp-json\/wp\/v2\/comments?post=54"}],"version-history":[{"count":61,"href":"https:\/\/remorquage-lyon.fr\/index.php\/wp-json\/wp\/v2\/pages\/54\/revisions"}],"predecessor-version":[{"id":597,"href":"https:\/\/remorquage-lyon.fr\/index.php\/wp-json\/wp\/v2\/pages\/54\/revisions\/597"}],"wp:featuredmedia":[{"embeddable":true,"href":"https:\/\/remorquage-lyon.fr\/index.php\/wp-json\/wp\/v2\/media\/501"}],"wp:attachment":[{"href":"https:\/\/remorquage-lyon.fr\/index.php\/wp-json\/wp\/v2\/media?parent=54"}],"curies":[{"name":"wp","href":"https:\/\/api.w.org\/{rel}","templated":true}]}}