{"id":563,"date":"2026-03-28T22:20:25","date_gmt":"2026-03-28T21:20:25","guid":{"rendered":"https:\/\/remorquage-lyon.fr\/?page_id=563"},"modified":"2026-04-20T08:45:57","modified_gmt":"2026-04-20T06:45:57","slug":"remorquage-villeubanne","status":"publish","type":"page","link":"https:\/\/remorquage-lyon.fr\/index.php\/remorquage-villeubanne\/","title":{"rendered":"REMORQUAGE  VILLEUBANNE"},"content":{"rendered":"\n<h3 class=\"wp-block-heading\">Intervention rapide \u00e0 Villeurbanne<\/h3>\n\n\n\n<p>Nous intervenons dans tous les quartiers :<\/p>\n\n\n\n<ul class=\"wp-block-list\">\n<li>Charpennes<\/li>\n\n\n\n<li>Gratte-Ciel<\/li>\n\n\n\n<li>Cusset<\/li>\n\n\n\n<li>Croix-Luizet<\/li>\n\n\n\n<li>La Doua<\/li>\n<\/ul>\n\n\n\n<p>Mais aussi partout dans la m\u00e9tropole de Lyon.<\/p>\n\n\n\n<h2 class=\"wp-block-heading\">Remorquage \u00e0 Villeurbanne 24h\/24 \u2013 Intervention rapide<\/h2>\n\n\n\n<p>Vous \u00eates en panne ou victime d\u2019un accident \u00e0 Villeurbanne ? Notre service de <strong>remorquage \u00e0 Villeurbanne<\/strong> intervient rapidement, 24h\/24 et 7j\/7, pour vous d\u00e9panner dans les meilleurs d\u00e9lais.<\/p>\n\n\n\n<p>Gr\u00e2ce \u00e0 notre exp\u00e9rience et \u00e0 notre r\u00e9activit\u00e9, nous assurons une <strong>intervention en moins de 20 \u00e0 30 minutes<\/strong> dans tous les quartiers de Villeurbanne. Que ce soit pour un v\u00e9hicule l\u00e9ger, une moto ou un utilitaire, nous mettons \u00e0 votre disposition un service fiable, rapide et professionnel.<\/p>\n\n\n\n<p><strong>Appelez-nous maintenant Au 0769727772 pour un d\u00e9pannage imm\u00e9diat \u00e0 Villeurbanne.<\/strong><\/p>\n\n\n\n<hr class=\"wp-block-separator has-alpha-channel-opacity\"\/>\n\n\n\n<h2 class=\"wp-block-heading\">D\u00e9pannage et remorquage \u00e0 Villeurbanne<\/h2>\n\n\n\n<p>Notre \u00e9quipe prend en charge tous types de situations :<\/p>\n\n\n\n<ul class=\"wp-block-list\">\n<li>Remorquage voiture Villeurbanne<\/li>\n\n\n\n<li>D\u00e9pannage batterie<\/li>\n\n\n\n<li>Remorquage Moto Villeurbanne<\/li>\n\n\n\n<li>Crevaison<\/li>\n\n\n\n<li>Erreur de carburant<\/li>\n\n\n\n<li>Remorquage moto<\/li>\n\n\n\n<li>Enl\u00e8vement de v\u00e9hicule accident\u00e9<\/li>\n\n\n\n<li>Transport de v\u00e9hicule toutes distances<\/li>\n<\/ul>\n\n\n\n<p>Nous intervenons rapidement pour tout <strong>d\u00e9pannage \u00e0 Villeurbanne<\/strong>, que vous soyez \u00e0 domicile, sur la route ou sur un parking.<\/p>\n\n\n\n<h2 class=\"wp-block-heading\">Remorquage scooter Villeurbanne toutes distances<\/h2>\n\n\n\n<p>En plus des motos, nous assurons \u00e9galement le remorquage de scooters \u00e0 Villeurbanne.<\/p>\n\n\n\n<p>Nous pouvons transporter votre deux-roues :<\/p>\n\n\n\n<ul class=\"wp-block-list\">\n<li>vers un garage<\/li>\n\n\n\n<li>\u00e0 votre domicile<\/li>\n\n\n\n<li>sur longue distance<\/li>\n<\/ul>\n\n\n\n<p>Votre v\u00e9hicule est s\u00e9curis\u00e9 pendant toute la dur\u00e9e du transport.<\/p>\n\n\n\n<h2 class=\"wp-block-heading\">Pourquoi choisir FAST REMORQUAGE  Moto \u00e0 Villeurbanne ?<\/h2>\n\n\n\n<ul class=\"wp-block-list\">\n<li>Intervention rapide<\/li>\n\n\n\n<li>Service disponible 24h\/24<\/li>\n\n\n\n<li>Prix comp\u00e9titifs<\/li>\n\n\n\n<li>Transport s\u00e9curis\u00e9<\/li>\n\n\n\n<li>Professionnels exp\u00e9riment\u00e9s<\/li>\n<\/ul>\n\n\n\n<p>Nous mettons tout en \u0153uvre pour vous offrir un service efficace et sans stress.<\/p>\n\n\n\n<p>TEL: 0769727772<\/p>\n","protected":false},"excerpt":{"rendered":"<p>Intervention rapide \u00e0 Villeurbanne Nous intervenons dans tous les quartiers : Mais aussi partout dans la m\u00e9tropole de Lyon. Remorquage \u00e0 Villeurbanne 24h\/24 \u2013 Intervention rapide Vous \u00eates en panne ou victime d\u2019un accident \u00e0 Villeurbanne ? Notre service de remorquage \u00e0 Villeurbanne intervient rapidement, 24h\/24 et 7j\/7, pour vous d\u00e9panner dans les meilleurs d\u00e9lais. &hellip; <\/p>\n<p class=\"link-more\"><a href=\"https:\/\/remorquage-lyon.fr\/index.php\/remorquage-villeubanne\/\" class=\"more-link\">Continuer la lecture<span class=\"screen-reader-text\"> de &laquo;&nbsp;REMORQUAGE  VILLEUBANNE&nbsp;&raquo;<\/span><\/a><\/p>\n","protected":false},"author":1,"featured_media":0,"parent":0,"menu_order":0,"comment_status":"closed","ping_status":"closed","template":"","meta":{"footnotes":""},"class_list":["post-563","page","type-page","status-publish","hentry"],"_links":{"self":[{"href":"https:\/\/remorquage-lyon.fr\/index.php\/wp-json\/wp\/v2\/pages\/563","targetHints":{"allow":["GET"]}}],"collection":[{"href":"https:\/\/remorquage-lyon.fr\/index.php\/wp-json\/wp\/v2\/pages"}],"about":[{"href":"https:\/\/remorquage-lyon.fr\/index.php\/wp-json\/wp\/v2\/types\/page"}],"author":[{"embeddable":true,"href":"https:\/\/remorquage-lyon.fr\/index.php\/wp-json\/wp\/v2\/users\/1"}],"replies":[{"embeddable":true,"href":"https:\/\/remorquage-lyon.fr\/index.php\/wp-json\/wp\/v2\/comments?post=563"}],"version-history":[{"count":5,"href":"https:\/\/remorquage-lyon.fr\/index.php\/wp-json\/wp\/v2\/pages\/563\/revisions"}],"predecessor-version":[{"id":587,"href":"https:\/\/remorquage-lyon.fr\/index.php\/wp-json\/wp\/v2\/pages\/563\/revisions\/587"}],"wp:attachment":[{"href":"https:\/\/remorquage-lyon.fr\/index.php\/wp-json\/wp\/v2\/media?parent=563"}],"curies":[{"name":"wp","href":"https:\/\/api.w.org\/{rel}","templated":true}]}}