{"id":605,"date":"2026-05-04T21:27:38","date_gmt":"2026-05-04T19:27:38","guid":{"rendered":"https:\/\/remorquage-lyon.fr\/?page_id=605"},"modified":"2026-05-04T22:04:27","modified_gmt":"2026-05-04T20:04:27","slug":"epaviste-lyon","status":"publish","type":"page","link":"https:\/\/remorquage-lyon.fr\/index.php\/epaviste-lyon\/","title":{"rendered":"Epaviste Lyon"},"content":{"rendered":"\n<h2 class=\"wp-block-heading\">\u00c9paviste Lyon \u2013 Enl\u00e8vement d\u2019\u00e9pave rapide et gratuit 7j\/7<\/h2>\n\n\n\n<p>Vous recherchez un <strong>\u00e9paviste \u00e0 Lyon<\/strong> pour enlever un v\u00e9hicule hors d\u2019usage, en panne ou accident\u00e9 ?<br>Notre \u00e9quipe intervient rapidement dans toute la m\u00e9tropole lyonnaise pour un <strong>enl\u00e8vement d\u2019\u00e9pave simple, rapide et s\u00e9curis\u00e9<\/strong>.<\/p>\n\n\n\n<p><strong>Appelez maintenant : 0769727772<\/strong><\/p>\n\n\n\n<hr class=\"wp-block-separator has-alpha-channel-opacity\"\/>\n\n\n\n<h2 class=\"wp-block-heading\">Intervention rapide \u00e0 Lyon<\/h2>\n\n\n\n<p>Nous intervenons pour tout type de v\u00e9hicule immobilis\u00e9 :<\/p>\n\n\n\n<ul class=\"wp-block-list\">\n<li>Voiture hors service (HS)<\/li>\n\n\n\n<li>V\u00e9hicule accident\u00e9<\/li>\n\n\n\n<li>Panne m\u00e9canique<\/li>\n\n\n\n<li>Utilitaire ou camionnette<\/li>\n\n\n\n<li>V\u00e9hicule sans contr\u00f4le technique<\/li>\n<\/ul>\n\n\n\n<p> Service d\u2019<strong>\u00e9paviste Lyon disponible 7j\/7<\/strong><\/p>\n\n\n\n<hr class=\"wp-block-separator has-alpha-channel-opacity\"\/>\n\n\n\n<h2 class=\"wp-block-heading\"> Enl\u00e8vement d\u2019\u00e9pave gratuit (selon conditions)<\/h2>\n\n\n\n<p>L\u2019enl\u00e8vement peut \u00eatre gratuit sous certaines conditions :<\/p>\n\n\n\n<ul class=\"wp-block-list\">\n<li>V\u00e9hicule complet<\/li>\n\n\n\n<li>Carte grise disponible<\/li>\n\n\n\n<li>Acc\u00e8s au v\u00e9hicule possible<\/li>\n\n\n\n<li>Intervention dans la zone de Lyon<\/li>\n<\/ul>\n\n\n\n<p>Dans les autres cas, un devis rapide vous est propos\u00e9.<\/p>\n\n\n\n<hr class=\"wp-block-separator has-alpha-channel-opacity\"\/>\n\n\n\n<h2 class=\"wp-block-heading\"> Comment se passe l\u2019intervention ?<\/h2>\n\n\n\n<ol class=\"wp-block-list\">\n<li> Vous nous appelez au 0769727772<\/li>\n\n\n\n<li>Nous \u00e9valuons votre situation<\/li>\n\n\n\n<li>D\u00e9placement rapide sur place<\/li>\n\n\n\n<li> Enl\u00e8vement du v\u00e9hicule + prise en charge<\/li>\n<\/ol>\n\n\n\n<p>Simple, rapide et sans stress<\/p>\n\n\n\n<hr class=\"wp-block-separator has-alpha-channel-opacity\"\/>\n\n\n\n<h2 class=\"wp-block-heading\"> Zone d\u2019intervention<\/h2>\n\n\n\n<p>Nous intervenons dans toute la r\u00e9gion lyonnaise :<\/p>\n\n\n\n<ul class=\"wp-block-list\">\n<li>Lyon<\/li>\n\n\n\n<li>Villeurbanne<\/li>\n\n\n\n<li>V\u00e9nissieux<\/li>\n\n\n\n<li>Bron<\/li>\n\n\n\n<li>Vaulx-en-Velin<\/li>\n\n\n\n<li>Saint-Priest<\/li>\n\n\n\n<li>D\u00e9cines-Charpieu<\/li>\n<\/ul>\n\n\n\n<hr class=\"wp-block-separator has-alpha-channel-opacity\"\/>\n\n\n\n<h2 class=\"wp-block-heading\"> Pourquoi choisir notre service d\u2019\u00e9paviste \u00e0 Lyon ?<\/h2>\n\n\n\n<p>\u2714 Intervention rapide 7j\/7<br>\u2714 Service professionnel et r\u00e9actif<br>\u2714 Enl\u00e8vement s\u00e9curis\u00e9 du v\u00e9hicule<br>\u2714 Prise en charge compl\u00e8te<br>\u2714 D\u00e9placement rapide \u00e0 Lyon<\/p>\n\n\n\n<hr class=\"wp-block-separator has-alpha-channel-opacity\"\/>\n\n\n\n<h2 class=\"wp-block-heading\"> \u00c9paviste agr\u00e9\u00e9 \u00e0 Lyon<\/h2>\n\n\n\n<p>Nous assurons un service conforme \u00e0 la r\u00e9glementation pour la destruction et l\u2019enl\u00e8vement des v\u00e9hicules hors d\u2019usage.<\/p>\n\n\n\n<p> Votre v\u00e9hicule est pris en charge dans les r\u00e8gles, en toute s\u00e9curit\u00e9.<\/p>\n\n\n\n<hr class=\"wp-block-separator has-alpha-channel-opacity\"\/>\n\n\n\n<h2 class=\"wp-block-heading\"> Contact rapide<\/h2>\n\n\n\n<p>Besoin d\u2019un \u00e9paviste \u00e0 Lyon maintenant ?<\/p>\n\n\n\n<p>TEL: <strong>0769727772<\/strong><\/p>\n\n\n\n<p>Intervention rapide<br>R\u00e9ponse imm\u00e9diate<br> D\u00e9placement possible dans l\u2019heure selon disponibilit\u00e9<\/p>\n\n\n\n<h2 class=\"wp-block-heading\"><\/h2>\n","protected":false},"excerpt":{"rendered":"<p>\u00c9paviste Lyon \u2013 Enl\u00e8vement d\u2019\u00e9pave rapide et gratuit 7j\/7 Vous recherchez un \u00e9paviste \u00e0 Lyon pour enlever un v\u00e9hicule hors d\u2019usage, en panne ou accident\u00e9 ?Notre \u00e9quipe intervient rapidement dans toute la m\u00e9tropole lyonnaise pour un enl\u00e8vement d\u2019\u00e9pave simple, rapide et s\u00e9curis\u00e9. Appelez maintenant : 0769727772 Intervention rapide \u00e0 Lyon Nous intervenons pour tout type &hellip; <\/p>\n<p class=\"link-more\"><a href=\"https:\/\/remorquage-lyon.fr\/index.php\/epaviste-lyon\/\" class=\"more-link\">Continuer la lecture<span class=\"screen-reader-text\"> de &laquo;&nbsp;Epaviste Lyon&nbsp;&raquo;<\/span><\/a><\/p>\n","protected":false},"author":1,"featured_media":506,"parent":0,"menu_order":0,"comment_status":"closed","ping_status":"closed","template":"","meta":{"footnotes":""},"class_list":["post-605","page","type-page","status-publish","has-post-thumbnail","hentry"],"_links":{"self":[{"href":"https:\/\/remorquage-lyon.fr\/index.php\/wp-json\/wp\/v2\/pages\/605","targetHints":{"allow":["GET"]}}],"collection":[{"href":"https:\/\/remorquage-lyon.fr\/index.php\/wp-json\/wp\/v2\/pages"}],"about":[{"href":"https:\/\/remorquage-lyon.fr\/index.php\/wp-json\/wp\/v2\/types\/page"}],"author":[{"embeddable":true,"href":"https:\/\/remorquage-lyon.fr\/index.php\/wp-json\/wp\/v2\/users\/1"}],"replies":[{"embeddable":true,"href":"https:\/\/remorquage-lyon.fr\/index.php\/wp-json\/wp\/v2\/comments?post=605"}],"version-history":[{"count":10,"href":"https:\/\/remorquage-lyon.fr\/index.php\/wp-json\/wp\/v2\/pages\/605\/revisions"}],"predecessor-version":[{"id":623,"href":"https:\/\/remorquage-lyon.fr\/index.php\/wp-json\/wp\/v2\/pages\/605\/revisions\/623"}],"wp:featuredmedia":[{"embeddable":true,"href":"https:\/\/remorquage-lyon.fr\/index.php\/wp-json\/wp\/v2\/media\/506"}],"wp:attachment":[{"href":"https:\/\/remorquage-lyon.fr\/index.php\/wp-json\/wp\/v2\/media?parent=605"}],"curies":[{"name":"wp","href":"https:\/\/api.w.org\/{rel}","templated":true}]}}